{"id":557,"date":"2025-09-08T13:43:48","date_gmt":"2025-09-08T13:43:48","guid":{"rendered":"https:\/\/dev.guatemedia.com\/bienvenidos102\/?page_id=557"},"modified":"2025-09-22T21:19:01","modified_gmt":"2025-09-22T21:19:01","slug":"registrate","status":"publish","type":"page","link":"https:\/\/dev.guatemedia.com\/bienvenidos102\/registrate\/","title":{"rendered":"Registrate"},"content":{"rendered":"\t\t<div data-elementor-type=\"wp-page\" data-elementor-id=\"557\" class=\"elementor elementor-557\" data-elementor-post-type=\"page\">\n\t\t\t\t<div class=\"elementor-element elementor-element-4f5733e4 e-flex e-con-boxed e-con e-parent\" data-id=\"4f5733e4\" data-element_type=\"container\" data-e-type=\"container\" data-settings=\"{&quot;background_background&quot;:&quot;classic&quot;}\">\n\t\t\t\t\t<div class=\"e-con-inner\">\n\t\t\t\t<div class=\"elementor-element elementor-element-70173e9f elementor-invisible elementor-widget elementor-widget-heading\" data-id=\"70173e9f\" data-element_type=\"widget\" data-e-type=\"widget\" data-settings=\"{&quot;_animation&quot;:&quot;fadeIn&quot;}\" data-widget_type=\"heading.default\">\n\t\t\t\t\t<h2 class=\"elementor-heading-title elementor-size-default\">Registrate<\/h2>\t\t\t\t<\/div>\n\t\t\t\t<div class=\"elementor-element elementor-element-29625095 elementor-icon-list--layout-inline elementor-align-center elementor-list-item-link-full_width elementor-invisible elementor-widget elementor-widget-icon-list\" data-id=\"29625095\" data-element_type=\"widget\" data-e-type=\"widget\" data-settings=\"{&quot;_animation&quot;:&quot;fadeIn&quot;,&quot;_animation_delay&quot;:200}\" data-widget_type=\"icon-list.default\">\n\t\t\t\t\t\t\t<ul class=\"elementor-icon-list-items elementor-inline-items\">\n\t\t\t\t\t\t\t<li class=\"elementor-icon-list-item elementor-inline-item\">\n\t\t\t\t\t\t\t\t\t\t\t<a href=\"#\">\n\n\t\t\t\t\t\t\t\t\t\t\t<span class=\"elementor-icon-list-text\">Inicio<\/span>\n\t\t\t\t\t\t\t\t\t\t\t<\/a>\n\t\t\t\t\t\t\t\t\t<\/li>\n\t\t\t\t\t\t\t\t<li class=\"elementor-icon-list-item elementor-inline-item\">\n\t\t\t\t\t\t\t\t\t\t\t<span class=\"elementor-icon-list-icon\">\n\t\t\t\t\t\t\t<i aria-hidden=\"true\" class=\"icon icon-right-arrow\"><\/i>\t\t\t\t\t\t<\/span>\n\t\t\t\t\t\t\t\t\t\t<span class=\"elementor-icon-list-text\">Registrate<\/span>\n\t\t\t\t\t\t\t\t\t<\/li>\n\t\t\t\t\t\t<\/ul>\n\t\t\t\t\t\t<\/div>\n\t\t<div class=\"elementor-element elementor-element-17183198 e-con-full e-flex elementor-invisible e-con e-child\" data-id=\"17183198\" data-element_type=\"container\" data-e-type=\"container\" data-settings=\"{&quot;background_background&quot;:&quot;classic&quot;,&quot;animation&quot;:&quot;fadeIn&quot;,&quot;animation_delay&quot;:400}\">\n\t\t\t\t<div class=\"elementor-element elementor-element-8db8181 elementor-widget-divider--view-line elementor-widget elementor-widget-divider\" data-id=\"8db8181\" data-element_type=\"widget\" data-e-type=\"widget\" data-widget_type=\"divider.default\">\n\t\t\t\t\t\t\t<div class=\"elementor-divider\">\n\t\t\t<span class=\"elementor-divider-separator\">\n\t\t\t\t\t\t<\/span>\n\t\t<\/div>\n\t\t\t\t\t\t<\/div>\n\t\t\t\t<\/div>\n\t\t\t\t\t<\/div>\n\t\t\t\t<\/div>\n\t\t<div class=\"elementor-element elementor-element-4023c7d1 e-flex e-con-boxed e-con e-parent\" data-id=\"4023c7d1\" data-element_type=\"container\" data-e-type=\"container\" data-settings=\"{&quot;background_background&quot;:&quot;classic&quot;}\">\n\t\t\t\t\t<div class=\"e-con-inner\">\n\t\t\t\t<div class=\"elementor-element elementor-element-50576fc elementor-invisible elementor-widget elementor-widget-text-editor\" data-id=\"50576fc\" data-element_type=\"widget\" data-e-type=\"widget\" data-settings=\"{&quot;_animation&quot;:&quot;fadeIn&quot;}\" data-widget_type=\"text-editor.default\">\n\t\t\t\t\t\t\t\t\t<p style=\"text-align: center;\">registrate ahora<\/p>\t\t\t\t\t\t\t\t<\/div>\n\t\t\t\t<div class=\"elementor-element elementor-element-57ba4322 elementor-widget__width-initial elementor-invisible elementor-widget elementor-widget-heading\" data-id=\"57ba4322\" data-element_type=\"widget\" data-e-type=\"widget\" data-settings=\"{&quot;_animation&quot;:&quot;fadeIn&quot;,&quot;_animation_delay&quot;:200}\" data-widget_type=\"heading.default\">\n\t\t\t\t\t<h2 class=\"elementor-heading-title elementor-size-default\">Rellena el formulario y registrate gratis<\/h2>\t\t\t\t<\/div>\n\t\t\t\t\t<\/div>\n\t\t\t\t<\/div>\n\t\t<div class=\"elementor-element elementor-element-cc94b67 e-flex e-con-boxed e-con e-parent\" data-id=\"cc94b67\" data-element_type=\"container\" data-e-type=\"container\" data-settings=\"{&quot;background_background&quot;:&quot;classic&quot;}\">\n\t\t\t\t\t<div class=\"e-con-inner\">\n\t\t<div class=\"elementor-element elementor-element-e9f4534 e-con-full e-flex e-con e-child\" data-id=\"e9f4534\" data-element_type=\"container\" data-e-type=\"container\">\n\t\t\t\t<div class=\"elementor-element elementor-element-754f49b elementor-button-align-stretch elementor-widget elementor-widget-form\" data-id=\"754f49b\" data-element_type=\"widget\" data-e-type=\"widget\" data-settings=\"{&quot;step_next_label&quot;:&quot;Siguiente&quot;,&quot;step_previous_label&quot;:&quot;Anterior&quot;,&quot;button_width&quot;:&quot;100&quot;,&quot;step_type&quot;:&quot;number_text&quot;,&quot;step_icon_shape&quot;:&quot;circle&quot;}\" data-widget_type=\"form.default\">\n\t\t\t\t\t\t\t<form class=\"elementor-form\" method=\"post\" name=\"Nuevo formulario\" aria-label=\"Nuevo formulario\">\n\t\t\t<input type=\"hidden\" name=\"post_id\" value=\"557\"\/>\n\t\t\t<input type=\"hidden\" name=\"form_id\" value=\"754f49b\"\/>\n\t\t\t<input type=\"hidden\" name=\"referer_title\" value=\"Registrate\" \/>\n\n\t\t\t\t\t\t\t<input type=\"hidden\" name=\"queried_id\" value=\"557\"\/>\n\t\t\t\n\t\t\t<div class=\"elementor-form-fields-wrapper elementor-labels-above\">\n\t\t\t\t\t\t\t\t<div class=\"elementor-field-type-text elementor-field-group elementor-column elementor-field-group-name elementor-col-100\">\n\t\t\t\t\t\t\t\t\t\t\t\t<label for=\"form-field-name\" class=\"elementor-field-label\">\n\t\t\t\t\t\t\t\tNombre\t\t\t\t\t\t\t<\/label>\n\t\t\t\t\t\t\t\t\t\t\t\t\t\t<input size=\"1\" type=\"text\" name=\"form_fields[name]\" id=\"form-field-name\" class=\"elementor-field elementor-size-sm  elementor-field-textual\">\n\t\t\t\t\t\t\t\t\t\t\t<\/div>\n\t\t\t\t\t\t\t\t<div class=\"elementor-field-type-text elementor-field-group elementor-column elementor-field-group-field_2930a96 elementor-col-100\">\n\t\t\t\t\t\t\t\t\t\t\t\t<label for=\"form-field-field_2930a96\" class=\"elementor-field-label\">\n\t\t\t\t\t\t\t\tApellido\t\t\t\t\t\t\t<\/label>\n\t\t\t\t\t\t\t\t\t\t\t\t\t\t<input size=\"1\" type=\"text\" name=\"form_fields[field_2930a96]\" id=\"form-field-field_2930a96\" class=\"elementor-field elementor-size-sm  elementor-field-textual\">\n\t\t\t\t\t\t\t\t\t\t\t<\/div>\n\t\t\t\t\t\t\t\t<div class=\"elementor-field-type-email elementor-field-group elementor-column elementor-field-group-email elementor-col-100 elementor-field-required\">\n\t\t\t\t\t\t\t\t\t\t\t\t<label for=\"form-field-email\" class=\"elementor-field-label\">\n\t\t\t\t\t\t\t\tCorreo electr\u00f3nico\t\t\t\t\t\t\t<\/label>\n\t\t\t\t\t\t\t\t\t\t\t\t\t\t<input size=\"1\" type=\"email\" name=\"form_fields[email]\" id=\"form-field-email\" class=\"elementor-field elementor-size-sm  elementor-field-textual\" required=\"required\">\n\t\t\t\t\t\t\t\t\t\t\t<\/div>\n\t\t\t\t\t\t\t\t<div class=\"elementor-field-type-number elementor-field-group elementor-column elementor-field-group-field_e8297b0 elementor-col-100\">\n\t\t\t\t\t\t\t\t\t\t\t\t<label for=\"form-field-field_e8297b0\" class=\"elementor-field-label\">\n\t\t\t\t\t\t\t\tTel\u00e9fono \/ Whatsapp\t\t\t\t\t\t\t<\/label>\n\t\t\t\t\t\t\t\t\t<input type=\"number\" name=\"form_fields[field_e8297b0]\" id=\"form-field-field_e8297b0\" class=\"elementor-field elementor-size-sm  elementor-field-textual\" min=\"\" max=\"\" >\n\t\t\t\t\t\t<\/div>\n\t\t\t\t\t\t\t\t<div class=\"elementor-field-type-text elementor-field-group elementor-column elementor-field-group-field_1207c9a elementor-col-100\">\n\t\t\t\t\t\t\t\t\t\t\t\t<label for=\"form-field-field_1207c9a\" class=\"elementor-field-label\">\n\t\t\t\t\t\t\t\tPa\u00eds al que te diriges\t\t\t\t\t\t\t<\/label>\n\t\t\t\t\t\t\t\t\t\t\t\t\t\t<input size=\"1\" type=\"text\" name=\"form_fields[field_1207c9a]\" id=\"form-field-field_1207c9a\" class=\"elementor-field elementor-size-sm  elementor-field-textual\">\n\t\t\t\t\t\t\t\t\t\t\t<\/div>\n\t\t\t\t\t\t\t\t<div class=\"elementor-field-group elementor-column elementor-field-type-submit elementor-col-100 e-form__buttons\">\n\t\t\t\t\t<button class=\"elementor-button elementor-size-md\" type=\"submit\">\n\t\t\t\t\t\t<span class=\"elementor-button-content-wrapper\">\n\t\t\t\t\t\t\t\t\t\t\t\t\t\t\t\t\t\t\t\t\t\t<span class=\"elementor-button-text\">REGISTRARTE<\/span>\n\t\t\t\t\t\t\t\t\t\t\t\t\t<\/span>\n\t\t\t\t\t<\/button>\n\t\t\t\t<\/div>\n\t\t\t<\/div>\n\t\t<\/form>\n\t\t\t\t\t\t<\/div>\n\t\t\t\t<\/div>\n\t\t<div class=\"elementor-element elementor-element-18b1267 e-con-full e-flex e-con e-child\" data-id=\"18b1267\" data-element_type=\"container\" data-e-type=\"container\">\n\t\t\t\t<div class=\"elementor-element elementor-element-5983ef3 elementor-widget elementor-widget-text-editor\" data-id=\"5983ef3\" data-element_type=\"widget\" data-e-type=\"widget\" data-widget_type=\"text-editor.default\">\n\t\t\t\t\t\t\t\t\t<h4 class=\"p1\">Tu informaci\u00f3n est\u00e1 segura y solo la usaremos para enviarte contenido \u00fatil y conectarte con recursos que te beneficien.<\/h4><h5 class=\"p1\">Reg\u00edstrate gratis hoy y comienza a construir tu futuro con herramientas y aliados que creen en ti.<\/h5><p class=\"p1\">Bienvenidos a Casa es una iniciativa de Partners Worldwide, organizaci\u00f3n sin fines de lucro que, desde hace casi 30 a\u00f1os, trabaja en m\u00e1s de 30 pa\u00edses con el prop\u00f3sito de poner fin a la pobreza a trav\u00e9s de los negocios.<\/p>\t\t\t\t\t\t\t\t<\/div>\n\t\t\t\t<div class=\"elementor-element elementor-element-11d1abc elementor-widget elementor-widget-image\" data-id=\"11d1abc\" data-element_type=\"widget\" data-e-type=\"widget\" data-widget_type=\"image.default\">\n\t\t\t\t\t\t\t\t\t\t\t\t\t\t\t<img fetchpriority=\"high\" decoding=\"async\" width=\"800\" height=\"534\" src=\"https:\/\/dev.guatemedia.com\/bienvenidos102\/wp-content\/uploads\/2025\/09\/DSC_0479-1024x683.jpg\" class=\"attachment-large size-large wp-image-956\" alt=\"\" srcset=\"https:\/\/dev.guatemedia.com\/bienvenidos102\/wp-content\/uploads\/2025\/09\/DSC_0479-1024x683.jpg 1024w, https:\/\/dev.guatemedia.com\/bienvenidos102\/wp-content\/uploads\/2025\/09\/DSC_0479-300x200.jpg 300w, https:\/\/dev.guatemedia.com\/bienvenidos102\/wp-content\/uploads\/2025\/09\/DSC_0479-768x512.jpg 768w, https:\/\/dev.guatemedia.com\/bienvenidos102\/wp-content\/uploads\/2025\/09\/DSC_0479-1536x1024.jpg 1536w, https:\/\/dev.guatemedia.com\/bienvenidos102\/wp-content\/uploads\/2025\/09\/DSC_0479.jpg 1620w\" sizes=\"(max-width: 800px) 100vw, 800px\" \/>\t\t\t\t\t\t\t\t\t\t\t\t\t\t\t<\/div>\n\t\t\t\t<\/div>\n\t\t\t\t\t<\/div>\n\t\t\t\t<\/div>\n\t\t<div class=\"elementor-element elementor-element-473f400c e-flex e-con-boxed e-con e-parent\" data-id=\"473f400c\" data-element_type=\"container\" data-e-type=\"container\" data-settings=\"{&quot;background_background&quot;:&quot;classic&quot;}\">\n\t\t\t\t\t<div class=\"e-con-inner\">\n\t\t\t\t<div class=\"elementor-element elementor-element-5c85e229 elementor-invisible elementor-widget elementor-widget-text-editor\" data-id=\"5c85e229\" data-element_type=\"widget\" data-e-type=\"widget\" data-settings=\"{&quot;_animation&quot;:&quot;fadeIn&quot;}\" data-widget_type=\"text-editor.default\">\n\t\t\t\t\t\t\t\t\t<p>FAQs<\/p>\t\t\t\t\t\t\t\t<\/div>\n\t\t\t\t<div class=\"elementor-element elementor-element-46452af4 elementor-widget__width-initial elementor-invisible elementor-widget elementor-widget-heading\" data-id=\"46452af4\" data-element_type=\"widget\" data-e-type=\"widget\" data-settings=\"{&quot;_animation&quot;:&quot;fadeIn&quot;,&quot;_animation_delay&quot;:200}\" data-widget_type=\"heading.default\">\n\t\t\t\t\t<h2 class=\"elementor-heading-title elementor-size-default\">Preguntas Frecuentes<\/h2>\t\t\t\t<\/div>\n\t\t\t\t<div class=\"elementor-element elementor-element-18492afd elementor-widget__width-initial elementor-invisible elementor-widget elementor-widget-elementskit-accordion\" data-id=\"18492afd\" data-element_type=\"widget\" data-e-type=\"widget\" data-settings=\"{&quot;_animation&quot;:&quot;fadeIn&quot;,&quot;_animation_delay&quot;:400}\" data-widget_type=\"elementskit-accordion.default\">\n\t\t\t\t\t<div class=\"ekit-wid-con\" >\n        <div class=\"elementskit-accordion accoedion-primary\" id=\"accordion-69ea3817dff93\">\n\n            \n                <div class=\"elementskit-card \">\n                    <div class=\"elementskit-card-header\" id=\"primaryHeading-0-18492afd\">\n                        <a href=\"#collapse-f2301cb69ea3817dff93\" class=\"ekit-accordion--toggler elementskit-btn-link collapsed\" data-ekit-toggle=\"collapse\" data-target=\"#Collapse-f2301cb69ea3817dff93\" aria-expanded=\"false\" aria-controls=\"Collapse-f2301cb69ea3817dff93\">\n                            \n                            <span class=\"ekit-accordion-title\">How long has your company been established?<\/span>\n\n                            \n                                <div class=\"ekit_accordion_icon_group\">\n                                    <div class=\"ekit_accordion_normal_icon\">\n                                        <!-- Normal Icon -->\n\t\t\t\t\t\t\t\t\t\t<i class=\"icon icon-plus\"><\/i>                                    <\/div>\n\n                                    <div class=\"ekit_accordion_active_icon\">\n                                        <!-- Active Icon -->\n\t\t\t\t\t\t\t\t\t\t<i class=\"icon icon-cross\"><\/i>                                    <\/div>\n                                <\/div>\n\n                            \n                                                    <\/a>\n                    <\/div>\n\n                    <div id=\"Collapse-f2301cb69ea3817dff93\" class=\" collapse\" aria-labelledby=\"primaryHeading-0-18492afd\" data-parent=\"#accordion-69ea3817dff93\">\n\n                        <div class=\"elementskit-card-body ekit-accordion--content\">\n                            <p>Lorem ipsum dolor sit amet, consectetur adipiscing elit. Aenean porta rhoncus leo, eget iaculis arcu dapibus vel. Lorem ipsum dolor sit amet, consectetur adipiscing elit. Proin porttitor, erat mollis, magna augue consectetur lorem.<\/p>                        <\/div>\n\n                    <\/div>\n\n                <\/div><!-- .elementskit-card END -->\n\n                \n                <div class=\"elementskit-card \">\n                    <div class=\"elementskit-card-header\" id=\"primaryHeading-1-18492afd\">\n                        <a href=\"#collapse-68ccdef69ea3817dff93\" class=\"ekit-accordion--toggler elementskit-btn-link collapsed\" data-ekit-toggle=\"collapse\" data-target=\"#Collapse-68ccdef69ea3817dff93\" aria-expanded=\"false\" aria-controls=\"Collapse-68ccdef69ea3817dff93\">\n                            \n                            <span class=\"ekit-accordion-title\">How much does it cost for one care?<\/span>\n\n                            \n                                <div class=\"ekit_accordion_icon_group\">\n                                    <div class=\"ekit_accordion_normal_icon\">\n                                        <!-- Normal Icon -->\n\t\t\t\t\t\t\t\t\t\t<i class=\"icon icon-plus\"><\/i>                                    <\/div>\n\n                                    <div class=\"ekit_accordion_active_icon\">\n                                        <!-- Active Icon -->\n\t\t\t\t\t\t\t\t\t\t<i class=\"icon icon-cross\"><\/i>                                    <\/div>\n                                <\/div>\n\n                            \n                                                    <\/a>\n                    <\/div>\n\n                    <div id=\"Collapse-68ccdef69ea3817dff93\" class=\" collapse\" aria-labelledby=\"primaryHeading-1-18492afd\" data-parent=\"#accordion-69ea3817dff93\">\n\n                        <div class=\"elementskit-card-body ekit-accordion--content\">\n                            <p>Lorem ipsum dolor sit amet, consectetur adipiscing elit. Aenean porta rhoncus leo, eget iaculis arcu dapibus vel. Lorem ipsum dolor sit amet, consectetur adipiscing elit. Proin porttitor, erat mollis, magna augue consectetur lorem.<\/p>                        <\/div>\n\n                    <\/div>\n\n                <\/div><!-- .elementskit-card END -->\n\n                \n                <div class=\"elementskit-card \">\n                    <div class=\"elementskit-card-header\" id=\"primaryHeading-2-18492afd\">\n                        <a href=\"#collapse-9ac536069ea3817dff93\" class=\"ekit-accordion--toggler elementskit-btn-link collapsed\" data-ekit-toggle=\"collapse\" data-target=\"#Collapse-9ac536069ea3817dff93\" aria-expanded=\"false\" aria-controls=\"Collapse-9ac536069ea3817dff93\">\n                            \n                            <span class=\"ekit-accordion-title\">How many people work at your company?<\/span>\n\n                            \n                                <div class=\"ekit_accordion_icon_group\">\n                                    <div class=\"ekit_accordion_normal_icon\">\n                                        <!-- Normal Icon -->\n\t\t\t\t\t\t\t\t\t\t<i class=\"icon icon-plus\"><\/i>                                    <\/div>\n\n                                    <div class=\"ekit_accordion_active_icon\">\n                                        <!-- Active Icon -->\n\t\t\t\t\t\t\t\t\t\t<i class=\"icon icon-cross\"><\/i>                                    <\/div>\n                                <\/div>\n\n                            \n                                                    <\/a>\n                    <\/div>\n\n                    <div id=\"Collapse-9ac536069ea3817dff93\" class=\" collapse\" aria-labelledby=\"primaryHeading-2-18492afd\" data-parent=\"#accordion-69ea3817dff93\">\n\n                        <div class=\"elementskit-card-body ekit-accordion--content\">\n                            <p>Lorem ipsum dolor sit amet, consectetur adipiscing elit. Aenean porta rhoncus leo, eget iaculis arcu dapibus vel. Lorem ipsum dolor sit amet, consectetur adipiscing elit. Proin porttitor, erat mollis, magna augue consectetur lorem.<\/p>                        <\/div>\n\n                    <\/div>\n\n                <\/div><!-- .elementskit-card END -->\n\n                \n                <div class=\"elementskit-card \">\n                    <div class=\"elementskit-card-header\" id=\"primaryHeading-3-18492afd\">\n                        <a href=\"#collapse-dda4ea469ea3817dff93\" class=\"ekit-accordion--toggler elementskit-btn-link collapsed\" data-ekit-toggle=\"collapse\" data-target=\"#Collapse-dda4ea469ea3817dff93\" aria-expanded=\"false\" aria-controls=\"Collapse-dda4ea469ea3817dff93\">\n                            \n                            <span class=\"ekit-accordion-title\">Does your company open job vacancies?<\/span>\n\n                            \n                                <div class=\"ekit_accordion_icon_group\">\n                                    <div class=\"ekit_accordion_normal_icon\">\n                                        <!-- Normal Icon -->\n\t\t\t\t\t\t\t\t\t\t<i class=\"icon icon-plus\"><\/i>                                    <\/div>\n\n                                    <div class=\"ekit_accordion_active_icon\">\n                                        <!-- Active Icon -->\n\t\t\t\t\t\t\t\t\t\t<i class=\"icon icon-cross\"><\/i>                                    <\/div>\n                                <\/div>\n\n                            \n                                                    <\/a>\n                    <\/div>\n\n                    <div id=\"Collapse-dda4ea469ea3817dff93\" class=\" collapse\" aria-labelledby=\"primaryHeading-3-18492afd\" data-parent=\"#accordion-69ea3817dff93\">\n\n                        <div class=\"elementskit-card-body ekit-accordion--content\">\n                            <p>Lorem ipsum dolor sit amet, consectetur adipiscing elit. Aenean porta rhoncus leo, eget iaculis arcu dapibus vel. Lorem ipsum dolor sit amet, consectetur adipiscing elit. Proin porttitor, erat mollis, magna augue consectetur lorem.<\/p>                        <\/div>\n\n                    <\/div>\n\n                <\/div><!-- .elementskit-card END -->\n\n                \n                <div class=\"elementskit-card \">\n                    <div class=\"elementskit-card-header\" id=\"primaryHeading-4-18492afd\">\n                        <a href=\"#collapse-2f4630c69ea3817dff93\" class=\"ekit-accordion--toggler elementskit-btn-link collapsed\" data-ekit-toggle=\"collapse\" data-target=\"#Collapse-2f4630c69ea3817dff93\" aria-expanded=\"false\" aria-controls=\"Collapse-2f4630c69ea3817dff93\">\n                            \n                            <span class=\"ekit-accordion-title\">How do I contact Sunlight for appointment?<\/span>\n\n                            \n                                <div class=\"ekit_accordion_icon_group\">\n                                    <div class=\"ekit_accordion_normal_icon\">\n                                        <!-- Normal Icon -->\n\t\t\t\t\t\t\t\t\t\t<i class=\"icon icon-plus\"><\/i>                                    <\/div>\n\n                                    <div class=\"ekit_accordion_active_icon\">\n                                        <!-- Active Icon -->\n\t\t\t\t\t\t\t\t\t\t<i class=\"icon icon-cross\"><\/i>                                    <\/div>\n                                <\/div>\n\n                            \n                                                    <\/a>\n                    <\/div>\n\n                    <div id=\"Collapse-2f4630c69ea3817dff93\" class=\" collapse\" aria-labelledby=\"primaryHeading-4-18492afd\" data-parent=\"#accordion-69ea3817dff93\">\n\n                        <div class=\"elementskit-card-body ekit-accordion--content\">\n                            <p>Lorem ipsum dolor sit amet, consectetur adipiscing elit. Aenean porta rhoncus leo, eget iaculis arcu dapibus vel. Lorem ipsum dolor sit amet, consectetur adipiscing elit. Proin porttitor, erat mollis, magna augue consectetur lorem.<\/p>                        <\/div>\n\n                    <\/div>\n\n                <\/div><!-- .elementskit-card END -->\n\n                \n                <div class=\"elementskit-card \">\n                    <div class=\"elementskit-card-header\" id=\"primaryHeading-5-18492afd\">\n                        <a href=\"#collapse-89887bc69ea3817dff93\" class=\"ekit-accordion--toggler elementskit-btn-link collapsed\" data-ekit-toggle=\"collapse\" data-target=\"#Collapse-89887bc69ea3817dff93\" aria-expanded=\"false\" aria-controls=\"Collapse-89887bc69ea3817dff93\">\n                            \n                            <span class=\"ekit-accordion-title\">What kind of contracts do you provide?<\/span>\n\n                            \n                                <div class=\"ekit_accordion_icon_group\">\n                                    <div class=\"ekit_accordion_normal_icon\">\n                                        <!-- Normal Icon -->\n\t\t\t\t\t\t\t\t\t\t<i class=\"icon icon-plus\"><\/i>                                    <\/div>\n\n                                    <div class=\"ekit_accordion_active_icon\">\n                                        <!-- Active Icon -->\n\t\t\t\t\t\t\t\t\t\t<i class=\"icon icon-cross\"><\/i>                                    <\/div>\n                                <\/div>\n\n                            \n                                                    <\/a>\n                    <\/div>\n\n                    <div id=\"Collapse-89887bc69ea3817dff93\" class=\" collapse\" aria-labelledby=\"primaryHeading-5-18492afd\" data-parent=\"#accordion-69ea3817dff93\">\n\n                        <div class=\"elementskit-card-body ekit-accordion--content\">\n                            <p>Lorem ipsum dolor sit amet, consectetur adipiscing elit. Aenean porta rhoncus leo, eget iaculis arcu dapibus vel. Lorem ipsum dolor sit amet, consectetur adipiscing elit. Proin porttitor, erat mollis, magna augue consectetur lorem.<\/p>                        <\/div>\n\n                    <\/div>\n\n                <\/div><!-- .elementskit-card END -->\n\n                                        <\/div>\n    <\/div>\t\t\t\t<\/div>\n\t\t\t\t\t<\/div>\n\t\t\t\t<\/div>\n\t\t\t\t<\/div>\n\t\t","protected":false},"excerpt":{"rendered":"<p>Registrate Inicio Registrate registrate ahora Rellena el formulario y registrate gratis Tu informaci\u00f3n est\u00e1 segura y solo la usaremos para enviarte contenido \u00fatil y conectarte con recursos que te beneficien. Reg\u00edstrate gratis hoy y comienza a construir tu futuro con herramientas y aliados que creen en ti. Bienvenidos a Casa es una iniciativa de Partners [&hellip;]<\/p>\n","protected":false},"author":1,"featured_media":0,"parent":0,"menu_order":0,"comment_status":"closed","ping_status":"closed","template":"elementor_header_footer","meta":{"footnotes":""},"class_list":["post-557","page","type-page","status-publish","hentry"],"_links":{"self":[{"href":"https:\/\/dev.guatemedia.com\/bienvenidos102\/wp-json\/wp\/v2\/pages\/557","targetHints":{"allow":["GET"]}}],"collection":[{"href":"https:\/\/dev.guatemedia.com\/bienvenidos102\/wp-json\/wp\/v2\/pages"}],"about":[{"href":"https:\/\/dev.guatemedia.com\/bienvenidos102\/wp-json\/wp\/v2\/types\/page"}],"author":[{"embeddable":true,"href":"https:\/\/dev.guatemedia.com\/bienvenidos102\/wp-json\/wp\/v2\/users\/1"}],"replies":[{"embeddable":true,"href":"https:\/\/dev.guatemedia.com\/bienvenidos102\/wp-json\/wp\/v2\/comments?post=557"}],"version-history":[{"count":34,"href":"https:\/\/dev.guatemedia.com\/bienvenidos102\/wp-json\/wp\/v2\/pages\/557\/revisions"}],"predecessor-version":[{"id":962,"href":"https:\/\/dev.guatemedia.com\/bienvenidos102\/wp-json\/wp\/v2\/pages\/557\/revisions\/962"}],"wp:attachment":[{"href":"https:\/\/dev.guatemedia.com\/bienvenidos102\/wp-json\/wp\/v2\/media?parent=557"}],"curies":[{"name":"wp","href":"https:\/\/api.w.org\/{rel}","templated":true}]}}